{"id":2370,"date":"2025-05-26T06:56:51","date_gmt":"2025-05-26T06:56:51","guid":{"rendered":"http:\/\/clinara.local\/?page_id=2370"},"modified":"2026-01-27T07:14:57","modified_gmt":"2026-01-27T07:14:57","slug":"urunler","status":"publish","type":"page","link":"https:\/\/ptfesalmastra.com\/en\/urunler\/","title":{"rendered":"Products"},"content":{"rendered":"<div data-elementor-type=\"wp-page\" data-elementor-id=\"2370\" class=\"elementor elementor-2370\">\n\t\t\t\t<div class=\"elementor-element elementor-element-697c5a5 e-flex e-con-boxed pxl-column-none pxl-zoom-point-false pxl-section-overflow-visible pxl-section-fix-none pxl-full-content-with-space-none pxl-bg-color-none pxl-section-overlay-none e-con e-parent\" data-id=\"697c5a5\" data-element_type=\"container\">\t\t\t<div class=\"e-con-inner\">\r\n\t\t<div class=\"elementor-element elementor-element-c71b647 e-con-full e-flex pxl-column-none pxl-zoom-point-false pxl-section-overflow-visible pxl-section-fix-none pxl-full-content-with-space-none pxl-bg-color-none pxl-section-overlay-none e-con e-child\" data-id=\"c71b647\" data-element_type=\"container\">\t\t<div class=\"elementor-element elementor-element-1e1ed95 elementor-widget elementor-widget-image\" data-id=\"1e1ed95\" data-element_type=\"widget\" data-widget_type=\"image.default\">\n\t\t\t\t\t\t\t\t\t\t\t\t\t\t\t\t<a href=\"\/en\/service\/saf-teflon-ptfe-salmastra\/\">\n\t\t\t\t\t\t\t<img fetchpriority=\"high\" decoding=\"async\" width=\"900\" height=\"600\" src=\"https:\/\/ptfesalmastra.com\/wp-content\/uploads\/2025\/08\/saf-teflon-ptfe-salmastra-1703771138-1.webp\" class=\"attachment-large size-large wp-image-13549\" alt=\"\" srcset=\"https:\/\/ptfesalmastra.com\/wp-content\/uploads\/2025\/08\/saf-teflon-ptfe-salmastra-1703771138-1.webp 900w, https:\/\/ptfesalmastra.com\/wp-content\/uploads\/2025\/08\/saf-teflon-ptfe-salmastra-1703771138-1-300x200.webp 300w, https:\/\/ptfesalmastra.com\/wp-content\/uploads\/2025\/08\/saf-teflon-ptfe-salmastra-1703771138-1-768x512.webp 768w, https:\/\/ptfesalmastra.com\/wp-content\/uploads\/2025\/08\/saf-teflon-ptfe-salmastra-1703771138-1-18x12.webp 18w\" sizes=\"(max-width: 900px) 100vw, 900px\" \/>\t\t\t\t\t\t\t\t<\/a>\n\t\t\t\t\t\t\t\t\t\t\t\t\t\t\t<\/div>\n\t\t\t\t<div class=\"elementor-element elementor-element-f9789e1 elementor-position-inline-end elementor-view-default elementor-mobile-position-block-start elementor-widget elementor-widget-icon-box\" data-id=\"f9789e1\" data-element_type=\"widget\" data-widget_type=\"icon-box.default\">\n\t\t\t\t\t\t\t<div class=\"elementor-icon-box-wrapper\">\n\n\t\t\t\t\t\t<div class=\"elementor-icon-box-icon\">\n\t\t\t\t<a href=\"\/en\/service\/saf-teflon-ptfe-salmastra\/\" class=\"elementor-icon\" tabindex=\"-1\" aria-label=\"Saf Teflon PTFE Salmastra\">\n\t\t\t\t<i aria-hidden=\"true\" class=\"fas fa-plus-circle\"><\/i>\t\t\t\t<\/a>\n\t\t\t<\/div>\n\t\t\t\n\t\t\t\t\t\t<div class=\"elementor-icon-box-content\">\n\n\t\t\t\t\t\t\t\t\t<h3 class=\"elementor-icon-box-title\">\n\t\t\t\t\t\t<a href=\"\/en\/service\/saf-teflon-ptfe-salmastra\/\" >\n\t\t\t\t\t\t\tSaf Teflon PTFE Salmastra\t\t\t\t\t\t<\/a>\n\t\t\t\t\t<\/h3>\n\t\t\t\t\n\t\t\t\t\n\t\t\t<\/div>\n\t\t\t\n\t\t<\/div>\n\t\t\t\t\t\t<\/div>\n\t\t\t\t<\/div>\r\n\t\t<div class=\"elementor-element elementor-element-7463da6 e-con-full e-flex pxl-column-none pxl-zoom-point-false pxl-section-overflow-visible pxl-section-fix-none pxl-full-content-with-space-none pxl-bg-color-none pxl-section-overlay-none e-con e-child\" data-id=\"7463da6\" data-element_type=\"container\">\t\t<div class=\"elementor-element elementor-element-86097b2 elementor-widget elementor-widget-image\" data-id=\"86097b2\" data-element_type=\"widget\" data-widget_type=\"image.default\">\n\t\t\t\t\t\t\t\t\t\t\t\t\t\t\t\t<a href=\"\/en\/service\/grafit-teflon-ptfe-salmastra\/\">\n\t\t\t\t\t\t\t<img decoding=\"async\" width=\"900\" height=\"600\" src=\"https:\/\/ptfesalmastra.com\/wp-content\/uploads\/2025\/08\/grafit-teflon-ptfe-salmastra-1704444688-1.webp\" class=\"attachment-large size-large wp-image-13551\" alt=\"\" srcset=\"https:\/\/ptfesalmastra.com\/wp-content\/uploads\/2025\/08\/grafit-teflon-ptfe-salmastra-1704444688-1.webp 900w, https:\/\/ptfesalmastra.com\/wp-content\/uploads\/2025\/08\/grafit-teflon-ptfe-salmastra-1704444688-1-300x200.webp 300w, https:\/\/ptfesalmastra.com\/wp-content\/uploads\/2025\/08\/grafit-teflon-ptfe-salmastra-1704444688-1-768x512.webp 768w, https:\/\/ptfesalmastra.com\/wp-content\/uploads\/2025\/08\/grafit-teflon-ptfe-salmastra-1704444688-1-18x12.webp 18w\" sizes=\"(max-width: 900px) 100vw, 900px\" \/>\t\t\t\t\t\t\t\t<\/a>\n\t\t\t\t\t\t\t\t\t\t\t\t\t\t\t<\/div>\n\t\t\t\t<div class=\"elementor-element elementor-element-22edef7 elementor-position-inline-end elementor-view-default elementor-mobile-position-block-start elementor-widget elementor-widget-icon-box\" data-id=\"22edef7\" data-element_type=\"widget\" data-widget_type=\"icon-box.default\">\n\t\t\t\t\t\t\t<div class=\"elementor-icon-box-wrapper\">\n\n\t\t\t\t\t\t<div class=\"elementor-icon-box-icon\">\n\t\t\t\t<a href=\"\/en\/service\/grafit-teflon-ptfe-salmastra\/\" class=\"elementor-icon\" tabindex=\"-1\" aria-label=\"Grafit Teflon PTFE Salmastra\">\n\t\t\t\t<i aria-hidden=\"true\" class=\"fas fa-plus-circle\"><\/i>\t\t\t\t<\/a>\n\t\t\t<\/div>\n\t\t\t\n\t\t\t\t\t\t<div class=\"elementor-icon-box-content\">\n\n\t\t\t\t\t\t\t\t\t<h3 class=\"elementor-icon-box-title\">\n\t\t\t\t\t\t<a href=\"\/en\/service\/grafit-teflon-ptfe-salmastra\/\" >\n\t\t\t\t\t\t\tGrafit Teflon PTFE Salmastra\t\t\t\t\t\t<\/a>\n\t\t\t\t\t<\/h3>\n\t\t\t\t\n\t\t\t\t\n\t\t\t<\/div>\n\t\t\t\n\t\t<\/div>\n\t\t\t\t\t\t<\/div>\n\t\t\t\t<\/div>\r\n\t\t<div class=\"elementor-element elementor-element-8ffef64 e-con-full e-flex pxl-column-none pxl-zoom-point-false pxl-section-overflow-visible pxl-section-fix-none pxl-full-content-with-space-none pxl-bg-color-none pxl-section-overlay-none e-con e-child\" data-id=\"8ffef64\" data-element_type=\"container\">\t\t<div class=\"elementor-element elementor-element-14bde0d elementor-widget elementor-widget-image\" data-id=\"14bde0d\" data-element_type=\"widget\" data-widget_type=\"image.default\">\n\t\t\t\t\t\t\t\t\t\t\t\t\t\t\t\t<a href=\"\/en\/service\/teflon-grafit-zebra-orgulu-ptfe-salmastra\/\">\n\t\t\t\t\t\t\t<img decoding=\"async\" width=\"900\" height=\"600\" src=\"https:\/\/ptfesalmastra.com\/wp-content\/uploads\/2025\/08\/teflon-grafit-zebra-orgulu-ptfe-salmastra-1703773808-8.webp\" class=\"attachment-large size-large wp-image-13553\" alt=\"\" srcset=\"https:\/\/ptfesalmastra.com\/wp-content\/uploads\/2025\/08\/teflon-grafit-zebra-orgulu-ptfe-salmastra-1703773808-8.webp 900w, https:\/\/ptfesalmastra.com\/wp-content\/uploads\/2025\/08\/teflon-grafit-zebra-orgulu-ptfe-salmastra-1703773808-8-300x200.webp 300w, https:\/\/ptfesalmastra.com\/wp-content\/uploads\/2025\/08\/teflon-grafit-zebra-orgulu-ptfe-salmastra-1703773808-8-768x512.webp 768w, https:\/\/ptfesalmastra.com\/wp-content\/uploads\/2025\/08\/teflon-grafit-zebra-orgulu-ptfe-salmastra-1703773808-8-18x12.webp 18w\" sizes=\"(max-width: 900px) 100vw, 900px\" \/>\t\t\t\t\t\t\t\t<\/a>\n\t\t\t\t\t\t\t\t\t\t\t\t\t\t\t<\/div>\n\t\t\t\t<div class=\"elementor-element elementor-element-f14a180 elementor-view-default elementor-position-block-start elementor-mobile-position-block-start elementor-widget elementor-widget-icon-box\" data-id=\"f14a180\" data-element_type=\"widget\" data-widget_type=\"icon-box.default\">\n\t\t\t\t\t\t\t<div class=\"elementor-icon-box-wrapper\">\n\n\t\t\t\t\t\t<div class=\"elementor-icon-box-icon\">\n\t\t\t\t<a href=\"\/en\/service\/teflon-grafit-zebra-orgulu-ptfe-salmastra\/\" class=\"elementor-icon\" tabindex=\"-1\" aria-label=\"Teflon Grafit Zebra \u00d6rg\u00fcl\u00fc PTFE Salmastra\">\n\t\t\t\t<i aria-hidden=\"true\" class=\"fas fa-plus-circle\"><\/i>\t\t\t\t<\/a>\n\t\t\t<\/div>\n\t\t\t\n\t\t\t\t\t\t<div class=\"elementor-icon-box-content\">\n\n\t\t\t\t\t\t\t\t\t<h3 class=\"elementor-icon-box-title\">\n\t\t\t\t\t\t<a href=\"\/en\/service\/teflon-grafit-zebra-orgulu-ptfe-salmastra\/\" >\n\t\t\t\t\t\t\tTeflon Grafit Zebra \u00d6rg\u00fcl\u00fc PTFE Salmastra\t\t\t\t\t\t<\/a>\n\t\t\t\t\t<\/h3>\n\t\t\t\t\n\t\t\t\t\n\t\t\t<\/div>\n\t\t\t\n\t\t<\/div>\n\t\t\t\t\t\t<\/div>\n\t\t\t\t<\/div>\r\n\t\t\t\t\t<\/div>\r\n\t\t\t\t<\/div>\r\n\t\t<div class=\"elementor-element elementor-element-e370eb3 e-flex e-con-boxed pxl-column-none pxl-zoom-point-false pxl-section-overflow-visible pxl-section-fix-none pxl-full-content-with-space-none pxl-bg-color-none pxl-section-overlay-none e-con e-parent\" data-id=\"e370eb3\" data-element_type=\"container\">\t\t\t<div class=\"e-con-inner\">\r\n\t\t<div class=\"elementor-element elementor-element-64cacd5 e-con-full e-flex pxl-column-none pxl-zoom-point-false pxl-section-overflow-visible pxl-section-fix-none pxl-full-content-with-space-none pxl-bg-color-none pxl-section-overlay-none e-con e-child\" data-id=\"64cacd5\" data-element_type=\"container\">\t\t<div class=\"elementor-element elementor-element-0334650 elementor-widget elementor-widget-image\" data-id=\"0334650\" data-element_type=\"widget\" data-widget_type=\"image.default\">\n\t\t\t\t\t\t\t\t\t\t\t\t\t\t\t\t<a href=\"\/en\/service\/teflon-aramid-icerikli-ptfe-salmastra\/\">\n\t\t\t\t\t\t\t<img loading=\"lazy\" decoding=\"async\" width=\"900\" height=\"600\" src=\"https:\/\/ptfesalmastra.com\/wp-content\/uploads\/2025\/08\/teflon-aramid-icerikli-ptfe-salmastra-1703774078-8.webp\" class=\"attachment-large size-large wp-image-13555\" alt=\"\" srcset=\"https:\/\/ptfesalmastra.com\/wp-content\/uploads\/2025\/08\/teflon-aramid-icerikli-ptfe-salmastra-1703774078-8.webp 900w, https:\/\/ptfesalmastra.com\/wp-content\/uploads\/2025\/08\/teflon-aramid-icerikli-ptfe-salmastra-1703774078-8-300x200.webp 300w, https:\/\/ptfesalmastra.com\/wp-content\/uploads\/2025\/08\/teflon-aramid-icerikli-ptfe-salmastra-1703774078-8-768x512.webp 768w, https:\/\/ptfesalmastra.com\/wp-content\/uploads\/2025\/08\/teflon-aramid-icerikli-ptfe-salmastra-1703774078-8-18x12.webp 18w\" sizes=\"(max-width: 900px) 100vw, 900px\" \/>\t\t\t\t\t\t\t\t<\/a>\n\t\t\t\t\t\t\t\t\t\t\t\t\t\t\t<\/div>\n\t\t\t\t<div class=\"elementor-element elementor-element-8abf01e elementor-position-inline-end elementor-view-default elementor-mobile-position-block-start elementor-widget elementor-widget-icon-box\" data-id=\"8abf01e\" data-element_type=\"widget\" data-widget_type=\"icon-box.default\">\n\t\t\t\t\t\t\t<div class=\"elementor-icon-box-wrapper\">\n\n\t\t\t\t\t\t<div class=\"elementor-icon-box-icon\">\n\t\t\t\t<a href=\"\/en\/service\/teflon-aramid-icerikli-ptfe-salmastra\/\" class=\"elementor-icon\" tabindex=\"-1\" aria-label=\"Teflon Aramid \u0130\u00e7erikli PTFE Salmastra\">\n\t\t\t\t<i aria-hidden=\"true\" class=\"fas fa-plus-circle\"><\/i>\t\t\t\t<\/a>\n\t\t\t<\/div>\n\t\t\t\n\t\t\t\t\t\t<div class=\"elementor-icon-box-content\">\n\n\t\t\t\t\t\t\t\t\t<h3 class=\"elementor-icon-box-title\">\n\t\t\t\t\t\t<a href=\"\/en\/service\/teflon-aramid-icerikli-ptfe-salmastra\/\" >\n\t\t\t\t\t\t\tTeflon Aramid \u0130\u00e7erikli PTFE Salmastra\t\t\t\t\t\t<\/a>\n\t\t\t\t\t<\/h3>\n\t\t\t\t\n\t\t\t\t\n\t\t\t<\/div>\n\t\t\t\n\t\t<\/div>\n\t\t\t\t\t\t<\/div>\n\t\t\t\t<\/div>\r\n\t\t<div class=\"elementor-element elementor-element-737a922 e-con-full e-flex pxl-column-none pxl-zoom-point-false pxl-section-overflow-visible pxl-section-fix-none pxl-full-content-with-space-none pxl-bg-color-none pxl-section-overlay-none e-con e-child\" data-id=\"737a922\" data-element_type=\"container\">\t\t<div class=\"elementor-element elementor-element-3870129 elementor-widget elementor-widget-image\" data-id=\"3870129\" data-element_type=\"widget\" data-widget_type=\"image.default\">\n\t\t\t\t\t\t\t\t\t\t\t\t\t\t\t\t<a href=\"\/en\/service\/teflon-ptfe-conta-bandi-contolon\/\">\n\t\t\t\t\t\t\t<img loading=\"lazy\" decoding=\"async\" width=\"900\" height=\"600\" src=\"https:\/\/ptfesalmastra.com\/wp-content\/uploads\/2025\/06\/teflon-ptfe-conta-bandi-contolon-1703775747-1.webp\" class=\"attachment-large size-large wp-image-13558\" alt=\"\" srcset=\"https:\/\/ptfesalmastra.com\/wp-content\/uploads\/2025\/06\/teflon-ptfe-conta-bandi-contolon-1703775747-1.webp 900w, https:\/\/ptfesalmastra.com\/wp-content\/uploads\/2025\/06\/teflon-ptfe-conta-bandi-contolon-1703775747-1-300x200.webp 300w, https:\/\/ptfesalmastra.com\/wp-content\/uploads\/2025\/06\/teflon-ptfe-conta-bandi-contolon-1703775747-1-768x512.webp 768w, https:\/\/ptfesalmastra.com\/wp-content\/uploads\/2025\/06\/teflon-ptfe-conta-bandi-contolon-1703775747-1-18x12.webp 18w\" sizes=\"(max-width: 900px) 100vw, 900px\" \/>\t\t\t\t\t\t\t\t<\/a>\n\t\t\t\t\t\t\t\t\t\t\t\t\t\t\t<\/div>\n\t\t\t\t<div class=\"elementor-element elementor-element-c5a6aec elementor-position-inline-end elementor-view-default elementor-mobile-position-block-start elementor-widget elementor-widget-icon-box\" data-id=\"c5a6aec\" data-element_type=\"widget\" data-widget_type=\"icon-box.default\">\n\t\t\t\t\t\t\t<div class=\"elementor-icon-box-wrapper\">\n\n\t\t\t\t\t\t<div class=\"elementor-icon-box-icon\">\n\t\t\t\t<a href=\"\/en\/service\/teflon-ptfe-conta-bandi-contolon\/\" class=\"elementor-icon\" tabindex=\"-1\" aria-label=\"Teflon PTFE Conta Band\u0131 Contolon\">\n\t\t\t\t<i aria-hidden=\"true\" class=\"fas fa-plus-circle\"><\/i>\t\t\t\t<\/a>\n\t\t\t<\/div>\n\t\t\t\n\t\t\t\t\t\t<div class=\"elementor-icon-box-content\">\n\n\t\t\t\t\t\t\t\t\t<h3 class=\"elementor-icon-box-title\">\n\t\t\t\t\t\t<a href=\"\/en\/service\/teflon-ptfe-conta-bandi-contolon\/\" >\n\t\t\t\t\t\t\tTeflon PTFE Conta Band\u0131 Contolon\t\t\t\t\t\t<\/a>\n\t\t\t\t\t<\/h3>\n\t\t\t\t\n\t\t\t\t\n\t\t\t<\/div>\n\t\t\t\n\t\t<\/div>\n\t\t\t\t\t\t<\/div>\n\t\t\t\t<\/div>\r\n\t\t<div class=\"elementor-element elementor-element-bc5cbfe e-con-full e-flex pxl-column-none pxl-zoom-point-false pxl-section-overflow-visible pxl-section-fix-none pxl-full-content-with-space-none pxl-bg-color-none pxl-section-overlay-none e-con e-child\" data-id=\"bc5cbfe\" data-element_type=\"container\">\t\t<div class=\"elementor-element elementor-element-849d2e0 elementor-widget elementor-widget-image\" data-id=\"849d2e0\" data-element_type=\"widget\" data-widget_type=\"image.default\">\n\t\t\t\t\t\t\t\t\t\t\t\t\t\t\t\t<a href=\"\/en\/service\/teflon-ptfe-yapiskanli-yapiskansiz-cam-elyaf-kumas\/\">\n\t\t\t\t\t\t\t<img loading=\"lazy\" decoding=\"async\" width=\"900\" height=\"600\" src=\"https:\/\/ptfesalmastra.com\/wp-content\/uploads\/2025\/06\/teflon-ptfe-yapiskanli-yapiskansiz-cam-elyaf-kumas-1703776842-9.webp\" class=\"attachment-large size-large wp-image-13560\" alt=\"\" srcset=\"https:\/\/ptfesalmastra.com\/wp-content\/uploads\/2025\/06\/teflon-ptfe-yapiskanli-yapiskansiz-cam-elyaf-kumas-1703776842-9.webp 900w, https:\/\/ptfesalmastra.com\/wp-content\/uploads\/2025\/06\/teflon-ptfe-yapiskanli-yapiskansiz-cam-elyaf-kumas-1703776842-9-300x200.webp 300w, https:\/\/ptfesalmastra.com\/wp-content\/uploads\/2025\/06\/teflon-ptfe-yapiskanli-yapiskansiz-cam-elyaf-kumas-1703776842-9-768x512.webp 768w, https:\/\/ptfesalmastra.com\/wp-content\/uploads\/2025\/06\/teflon-ptfe-yapiskanli-yapiskansiz-cam-elyaf-kumas-1703776842-9-18x12.webp 18w\" sizes=\"(max-width: 900px) 100vw, 900px\" \/>\t\t\t\t\t\t\t\t<\/a>\n\t\t\t\t\t\t\t\t\t\t\t\t\t\t\t<\/div>\n\t\t\t\t<div class=\"elementor-element elementor-element-193d928 elementor-position-inline-end elementor-view-default elementor-mobile-position-block-start elementor-widget elementor-widget-icon-box\" data-id=\"193d928\" data-element_type=\"widget\" data-widget_type=\"icon-box.default\">\n\t\t\t\t\t\t\t<div class=\"elementor-icon-box-wrapper\">\n\n\t\t\t\t\t\t<div class=\"elementor-icon-box-icon\">\n\t\t\t\t<a href=\"\/en\/service\/teflon-ptfe-yapiskanli-yapiskansiz-cam-elyaf-kumas\/\" class=\"elementor-icon\" tabindex=\"-1\" aria-label=\"Teflon PTFE Yap\u0131\u015fkanl\u0131 - Yap\u0131\u015fkans\u0131z Cam Elyaf Kuma\u015f\">\n\t\t\t\t<i aria-hidden=\"true\" class=\"fas fa-plus-circle\"><\/i>\t\t\t\t<\/a>\n\t\t\t<\/div>\n\t\t\t\n\t\t\t\t\t\t<div class=\"elementor-icon-box-content\">\n\n\t\t\t\t\t\t\t\t\t<h3 class=\"elementor-icon-box-title\">\n\t\t\t\t\t\t<a href=\"\/en\/service\/teflon-ptfe-yapiskanli-yapiskansiz-cam-elyaf-kumas\/\" >\n\t\t\t\t\t\t\tTeflon PTFE Yap\u0131\u015fkanl\u0131 - Yap\u0131\u015fkans\u0131z Cam Elyaf Kuma\u015f\t\t\t\t\t\t<\/a>\n\t\t\t\t\t<\/h3>\n\t\t\t\t\n\t\t\t\t\n\t\t\t<\/div>\n\t\t\t\n\t\t<\/div>\n\t\t\t\t\t\t<\/div>\n\t\t\t\t<\/div>\r\n\t\t\t\t\t<\/div>\r\n\t\t\t\t<\/div>\r\n\t\t\t\t<\/div>","protected":false},"excerpt":{"rendered":"<p>Saf Teflon PTFE Salmastra Grafit Teflon PTFE Salmastra Teflon Grafit Zebra \u00d6rg\u00fcl\u00fc PTFE Salmastra Teflon Aramid \u0130\u00e7erikli PTFE Salmastra Teflon PTFE Conta Band\u0131 Contolon Teflon PTFE Yap\u0131\u015fkanl\u0131 &#8211; Yap\u0131\u015fkans\u0131z Cam Elyaf Kuma\u015f<\/p>","protected":false},"author":1,"featured_media":0,"parent":0,"menu_order":0,"comment_status":"closed","ping_status":"closed","template":"","meta":{"footnotes":""},"class_list":["post-2370","page","type-page","status-publish","hentry"],"_links":{"self":[{"href":"https:\/\/ptfesalmastra.com\/en\/wp-json\/wp\/v2\/pages\/2370","targetHints":{"allow":["GET"]}}],"collection":[{"href":"https:\/\/ptfesalmastra.com\/en\/wp-json\/wp\/v2\/pages"}],"about":[{"href":"https:\/\/ptfesalmastra.com\/en\/wp-json\/wp\/v2\/types\/page"}],"author":[{"embeddable":true,"href":"https:\/\/ptfesalmastra.com\/en\/wp-json\/wp\/v2\/users\/1"}],"replies":[{"embeddable":true,"href":"https:\/\/ptfesalmastra.com\/en\/wp-json\/wp\/v2\/comments?post=2370"}],"version-history":[{"count":88,"href":"https:\/\/ptfesalmastra.com\/en\/wp-json\/wp\/v2\/pages\/2370\/revisions"}],"predecessor-version":[{"id":14048,"href":"https:\/\/ptfesalmastra.com\/en\/wp-json\/wp\/v2\/pages\/2370\/revisions\/14048"}],"wp:attachment":[{"href":"https:\/\/ptfesalmastra.com\/en\/wp-json\/wp\/v2\/media?parent=2370"}],"curies":[{"name":"wp","href":"https:\/\/api.w.org\/{rel}","templated":true}]}}